{"id":9,"date":"2018-03-07T21:19:22","date_gmt":"2018-03-07T20:19:22","guid":{"rendered":"http:\/\/www.degaarner.de\/?page_id=9"},"modified":"2025-02-13T11:01:41","modified_gmt":"2025-02-13T10:01:41","slug":"ueber-uns","status":"publish","type":"page","link":"https:\/\/www.degaarner.de\/?page_id=9","title":{"rendered":"\u00dcber mich"},"content":{"rendered":"\n<p>Seit 2016 bin ich ausgelernter Landschaftsg\u00e4rtner. 2017 habe ich eine neue Herausforderung gesucht und habe dieses Unternehmen in Pl\u00f6n gegr\u00fcndet. Seit 2020 bin ich in der Gemeinde S\u00fcsel ans\u00e4ssig. Seit Anfang November 2024 f\u00fchre ich das Unternehmen Hauptberuflich. Hauptaktivit\u00e4t ist die Pflege von G\u00e4rten und kleineren Bauprojekten.<\/p>\n\n\n\n<p>Meine pers\u00f6nliche Leidenschaft ist seit ca 5 Jahre der fachgerechte Schnitt und die Erziehung von Obstgeh\u00f6lzen. Mittlerweile habe ich mir auf diesem Gebiet einen Ruf erarbeitet, der mich schon bis nach Hamburg f\u00fchrte. Ich f\u00fchre die Pflege der Obstgeh\u00f6lze nach ZTV Baumpflege und den Standards der Kronenpflege f\u00fcr naturnahe Obstgeh\u00f6lze aus. Ich bin Dienstleister, aber in erster Linie den Pflanzen und Geh\u00f6lzen von Berufswegen her verpflichtet, daher sind mir gewisse Prinzipien sehr wichtig. Naturschutz ist wichtig und eine ansprechende Optik in ihren G\u00e4rten und der Natur steht f\u00fcr mich an erster Stelle. Baumsch\u00e4digende Ma\u00dfnahmen f\u00fchre ich nicht aus und meine Schnittf\u00fchrung entspricht der Naturnahen Kronenerziehung\/pflege nach Oeschberg Palmer\/Spreng. <\/p>\n\n\n\n<p>Gelernt habe ich bei einer gro\u00dfen Gartenbau Firma in Pl\u00f6n, dort habe ich nach meiner Ausbildung noch zwei Jahre als Vorarbeiter in der Pflege\/Neuanlage gearbeitet. Danach drei weitere Jahre in einem Gartenbaubetrieb bei Kiel, bei welchem ich mich noch intensiver mit der Planung von Bepflanzung und der Pflege vorhandener G\u00e4rten befasst habe. Danach folgten 1 1\/2 Jahre bei einer Gartenbau Firma in Ascheberg f\u00fcr die ich bis heute als Sub Unternehmer t\u00e4tig bin. August 2023 folgte dann noch ein Jahr als Landschaftsg\u00e4rtner in Scharbeutz. Da ich als Nebenberufliches Unternehmen den Anfragen nicht mehr gerecht wurde und teils schon 3 Monate Wartezeiten hatte, habe ich mich dazu entschlossen, mein Unternehmen in Vollzeit zu f\u00fchren. Derzeit gibt es je nach Anfrage relativ kurze Wartezeiten von ca. 2 Wochen. Ich bin zu dem einige Partnerschaften mit anderen Gartenbaubetrieben und Baumpflegern eingegangen. Was ich nicht ausf\u00fchren kann, daf\u00fcr habe ich f\u00fcr sie die richtigen Partner und stelle gerne Kontakte her.<\/p>\n\n\n\n<p>G\u00e4rten zu pflegen, sei es durch wiederholtes j\u00e4ten, schneiden von Geh\u00f6lzen oder der Rasenpflege, ist f\u00fcr mich eine Arbeit die mir in jeder Hinsicht sehr viel Freude bereitet. Als naturverbundener G\u00e4rtner, bin ich kein Freund von Pflanzenschutzmitteln und w\u00fcrde diese nur dann benutzen, wenn es notwendig ist. Nach dem Motto: &#8222;So wenig wie m\u00f6glich und so viel wie n\u00f6tig&#8220;. Gerne berate ich sie auch im Ansetzen von selbstgemachten Spritzbr\u00fchen, welche ohne chemische Zus\u00e4tze auskommen und aus Wildkr\u00e4utern, Wasser und anderen Zutaten bestehen.<\/p>\n\n\n\n<p>Die richtige Pflege und der richtige Standort sind f\u00fcr ihre Pflanzen viel entscheidener und der Schl\u00fcssel f\u00fcr ein gesundes Wachstum. Daher ist es sehr wichtig, Pflanzen zu erkennen und zu verstehen. Welche Standortanspr\u00fcche sie stellen und welche Pflege sie ben\u00f6tigen. Nicht jede Pflanze vertr\u00e4gt die gleiche Lichtintensit\u00e4t oder die gleiche Bodenart. Pflanzen ben\u00f6tigen bestimmte N\u00e4hrstoffe wie z.&nbsp;B. Kalium f\u00fcr eine gute Abwehr gegen Pflanzenkrankheiten, Phosphor u.a f\u00fcr die Bl\u00fctenbildung.<\/p>\n\n\n\n<p>Pflanzen ben\u00f6tigen zu dem auch regelm\u00e4\u00dfige Pflege in Form vom Erhaltungsschnitten, damit sie weiterhin vern\u00fcnftig bl\u00fchen und wachsen. Andere Pflanzen sind evtl. weniger Schnittvertr\u00e4glich als andere und genau in diesen Bereichen setze ich an und berate sie.<\/p>\n\n\n\n<p>Mein Einsatzort ist Haupts\u00e4chlich der Kreis Ostholstein und Pl\u00f6n. Auf Nachfrage sind auch im erweiterten Kreis Arbeiten m\u00f6glich. Fragen sie einfach telefonisch oder per E-Mail nach einem pers\u00f6nlichen oder telefonischen Beratungstermin. Beachten sie aber bitte das s\u00e4mtliche Fahrzeiten ausnahmslos der Arbeitszeit entsprechen und bezahlt werden m\u00fcssen. Je nach Umfang der Planungen muss ich auch diese in Rechnung stellen. In der Vergangenheit habe ich auch f\u00fcr Kunden die Pflege in G\u00e4rten bei Boltenhagen oder Itzehoe \u00fcbernommen.<\/p>\n\n\n\n<p>&nbsp;Ich erbringe folgende Leistungen:<\/p>\n\n\n\n<ul class=\"wp-block-list\">\n<li>Rasenpflege (M\u00e4hen, Vertikutieren)<\/li>\n<\/ul>\n\n\n\n<ul class=\"wp-block-list\">\n<li>Beet und Rabattenpflege (Entfernen von Wildkr\u00e4utern und S\u00e4mlingen, Bodenlockerung)<\/li>\n<\/ul>\n\n\n\n<ul class=\"wp-block-list\">\n<li>Geh\u00f6lzschnitte (Obstbaumschnitt, Formschnitte diverser Art z.B. Hecken und den R\u00fcckschnitt s\u00e4mtlicher Geh\u00f6lze nach den Bed\u00fcrfnissen der Pflanzen)<\/li>\n<\/ul>\n\n\n\n<ul class=\"wp-block-list\">\n<li>Pflege ihres Grundst\u00fccks (z.b Entfernen von Laub, Reinigung von Hofabl\u00e4ufen)<\/li>\n<\/ul>\n\n\n\n<ul class=\"wp-block-list\">\n<li>Pflanzungen ( Abr\u00e4umen vorhandener Beete\/Neugestaltung\/Erg\u00e4nzungspflanzung)<\/li>\n<\/ul>\n\n\n\n<ul class=\"wp-block-list\">\n<li>K\u00fcbelbepflanzung und\/oder Beet Bepflanzung mit saisonalen Einj\u00e4hrigen Stauden zur passenden Jahreszeit<\/li>\n<\/ul>\n\n\n\n<ul class=\"wp-block-list\">\n<li>Grabpflege (Neubepflanzung, Unkrautbeseitigung, ggf. R\u00fcckschnitte, Gie\u00dfen, auf Wunsch auch gerne saisonale Stauden) Jedoch ist hier die Absprache mit dem ans\u00e4ssigen G\u00e4rtner des Friedhofs notwendig, was ich f\u00fcr sie \u00fcbernehme<\/li>\n\n\n\n<li>Neuanlage von Beeten <\/li>\n\n\n\n<li>Ausf\u00fchrung von kleineren Pflaster Arbeiten<\/li>\n<\/ul>\n\n\n\n<p><\/p>\n\n\n\n<p>Weitere Leistung sind auf Anfrage ebenfalls m\u00f6glich! Ich habe mir wie schon erw\u00e4hnt in den letzten Jahren ein gutes Netzwerk aufgebaut und kann ihnen, dann entsprechend auch mit anderen Anliegen helfen oder Kontakte herstellen.  <\/p>\n\n\n\n<p>mit freundlichen Gr\u00fc\u00dfen Ihr Landschaftsg\u00e4rtner <\/p>\n\n\n\n<p>Florian Vollbracht<\/p>\n","protected":false},"excerpt":{"rendered":"<div class=\"slide-text-bg2\">\n<h3>Seit 2016 bin ich ausgelernter Landschaftsg\u00e4rtner. 2017 habe ich eine neue Herausforderung gesucht und habe dieses Unternehmen in Pl\u00f6n gegr\u00fcndet.<\/h3>\n<\/div>\n<div class=\"flex-btn-div\"><a href=\"https:\/\/www.degaarner.de\/?page_id=9\" class=\"btn1 flex-btn\">Weiterlesen<\/a><\/div>\n","protected":false},"author":1,"featured_media":0,"parent":0,"menu_order":0,"comment_status":"closed","ping_status":"closed","template":"","meta":{"footnotes":""},"class_list":["post-9","page","type-page","status-publish","hentry"],"amp_enabled":true,"_links":{"self":[{"href":"https:\/\/www.degaarner.de\/index.php?rest_route=\/wp\/v2\/pages\/9","targetHints":{"allow":["GET"]}}],"collection":[{"href":"https:\/\/www.degaarner.de\/index.php?rest_route=\/wp\/v2\/pages"}],"about":[{"href":"https:\/\/www.degaarner.de\/index.php?rest_route=\/wp\/v2\/types\/page"}],"author":[{"embeddable":true,"href":"https:\/\/www.degaarner.de\/index.php?rest_route=\/wp\/v2\/users\/1"}],"replies":[{"embeddable":true,"href":"https:\/\/www.degaarner.de\/index.php?rest_route=%2Fwp%2Fv2%2Fcomments&post=9"}],"version-history":[{"count":18,"href":"https:\/\/www.degaarner.de\/index.php?rest_route=\/wp\/v2\/pages\/9\/revisions"}],"predecessor-version":[{"id":583,"href":"https:\/\/www.degaarner.de\/index.php?rest_route=\/wp\/v2\/pages\/9\/revisions\/583"}],"wp:attachment":[{"href":"https:\/\/www.degaarner.de\/index.php?rest_route=%2Fwp%2Fv2%2Fmedia&parent=9"}],"curies":[{"name":"wp","href":"https:\/\/api.w.org\/{rel}","templated":true}]}}