{"id":475,"date":"2020-11-22T19:17:52","date_gmt":"2020-11-22T18:17:52","guid":{"rendered":"https:\/\/www.degaarner.de\/?page_id=475"},"modified":"2020-11-22T19:21:00","modified_gmt":"2020-11-22T18:21:00","slug":"naturschutz-geht-uns-alle-2an","status":"publish","type":"page","link":"https:\/\/www.degaarner.de\/?page_id=475","title":{"rendered":"Naturschutz geht uns alle an"},"content":{"rendered":"\n<p>Die Lebensr\u00e4ume von Tieren und Pflanzen gehen immer mehr zur\u00fcck und die Ursachen, d\u00fcrften uns allen eigentlich bekannt sein. Jeder von uns kann einen Teil zum Umwelt,- und Artenschutz beitragen. Die M\u00f6glichkeiten hat jedenfalls jeder von uns. Ohne eine leistungsf\u00e4hige Natur kann es kein sauberes Grundwasser, gute Luft oder einen lebenden Boden geben. Es obliegt unserer Verantwortung, den kommenden Generationen keine Natur in Tr\u00fcmmern zu hinterlassen. Deswegen ist es mir wichtig, sie zu mindestens auf die M\u00f6glichkeiten hinzuweisen und etwas Aufkl\u00e4rung zu betreiben. &#8222;Der Boden soll bzw. muss schwarz sein&#8220; ist leider eine Meinung von manchem Gartenbesitzer. Die G\u00e4rten sind heute dadurch oft leider viel zu steril gehalten und verkleinern die Lebensr\u00e4ume nur noch zus\u00e4tzlich. Zu gegeben Sauberkeit ist prinzipiell auch nicht verkehrt und \u00fcber Geschmack kann man bekanntlich nicht streiten, aber es gibt M\u00f6glichkeiten einen nat\u00fcrlichen und gepflegten Garten zu haben, der dennoch sauber aussieht und weniger k\u00fcnstlich. Wie w\u00e4re es etwas f\u00fcr Kleinstlebewesen zu hinterlassen? Organisches Material jeglicher Form dient ihnen n\u00e4mlich als Nahrung. Bepflanzen sie ihren Garten so, dass sie diversen Insekten ein Nahrungsangebot bieten, dies wiederum f\u00f6rdert das Nahrungsangebot f\u00fcr Singv\u00f6gel und dies wiederum f\u00f6rdert die Bek\u00e4mpfung diverser Sch\u00e4dlinge. Bedecken sie den Boden mit Rindenmulch. Rindenmulch sieht im Beet toll aus und steht dem schwarzen Oberboden in nichts nach. Rindenmulch hat viele gute Eigenschaften von denen sie profitieren. Er speichert Feuchtigkeit und verhindert die Austrocknung und zus\u00e4tzliche Verwitterung des Bodens. Er f\u00f6rdert zu dem das Bodenleben und ihre Pflanzen werden es ihnen danken, denn je lebendiger ihr Boden ist, desto mehr gedeihen ihre Pflanzen aufgrund der aktiven Mikroorganismen und dem Zusammenspiel mit anderen Kleinstlebewesen. Zu dem betreiben sie integrierten Pflanzenschutz, wenn sie N\u00fctzlinge durch umsichtiges G\u00e4rtnern f\u00f6rdern. Wo es Lebensraum f\u00fcr Insekten gibt, schaffen sie wie bereits erw\u00e4hnt Futterquellen f\u00fcr V\u00f6gel und andere Tiere. Ihre Rosen und andere Geh\u00f6lze wie z.b die Kirsche sind mit Blattl\u00e4usen befallen? Singv\u00f6gel fressen diese, vielleicht hilft es ihnen wenn sie Nistm\u00f6glichkeiten schaffen und so den Befall zu mindestens eind\u00e4mmen k\u00f6nnen bzw ihm vorbeugen. Die Chemiekeule sollte wirklich die letzte Wahl sein, ich gebe ihnen auch gerne Tips wie sie biologische Spritzbr\u00fchen ansetzen k\u00f6nnen durch in Wasser liegende Wildkr\u00e4uter. Sicher sind diese M\u00f6glichkeiten l\u00e4ngst nicht so effektiv wie die Chemischen Bek\u00e4mpfungsmittel, aber sind zu mindesten bei Beachtung der Herstellungshinweise deutlich ungef\u00e4hrlicher f\u00fcr die Natur und unser Grundwasser, als die Chemischen Spritzmittel, ganz besonders f\u00fcr uns selber. Der integrierte Pflanzenschutz beinhaltet zu dem die richtige Standortwahl f\u00fcr ihre Pflanzen und den n\u00f6tigen Boden, je nach Pflanzengattung sind andere Anforderung an den Oberboden gestellt. Je mehr Leben in ihrem Garten steckt, desto mehr f\u00f6rdern sie ein Gleichgewichtig zwischen N\u00fctzlingen und Sch\u00e4dlingen. Gerne berate ich sie dahingehend, was sie in ihrem Garten verbessern k\u00f6nnten um langfristig evtl. Krankheiten und Sch\u00e4dlingen vorzubeugen. Der integrierte Pflanzenschutz ist kein Garant, aber eine nat\u00fcrliche M\u00f6glichkeit zu mindestens zu versuchen auf chemische Mittel zu verzichten, denn viele sind u.a f\u00fcr unsere so wichtigen Bienen sch\u00e4dlich bei nicht Einhaltung mancher Hinweise und mit diesem umsichtigen Verhalten,k\u00f6nnen sie die Natur und Umwelt unterst\u00fctzen.<\/p>\n","protected":false},"excerpt":{"rendered":"<div class=\"slide-text-bg2\">\n<h3>Die Lebensr\u00e4ume von Tieren und Pflanzen gehen immer mehr zur\u00fcck und die Ursachen, d\u00fcrften uns allen eigentlich bekannt sein. Jeder<\/h3>\n<\/div>\n<div class=\"flex-btn-div\"><a href=\"https:\/\/www.degaarner.de\/?page_id=475\" class=\"btn1 flex-btn\">Weiterlesen<\/a><\/div>\n","protected":false},"author":1,"featured_media":0,"parent":0,"menu_order":0,"comment_status":"closed","ping_status":"closed","template":"","meta":{"footnotes":""},"class_list":["post-475","page","type-page","status-publish","hentry"],"amp_enabled":true,"_links":{"self":[{"href":"https:\/\/www.degaarner.de\/index.php?rest_route=\/wp\/v2\/pages\/475","targetHints":{"allow":["GET"]}}],"collection":[{"href":"https:\/\/www.degaarner.de\/index.php?rest_route=\/wp\/v2\/pages"}],"about":[{"href":"https:\/\/www.degaarner.de\/index.php?rest_route=\/wp\/v2\/types\/page"}],"author":[{"embeddable":true,"href":"https:\/\/www.degaarner.de\/index.php?rest_route=\/wp\/v2\/users\/1"}],"replies":[{"embeddable":true,"href":"https:\/\/www.degaarner.de\/index.php?rest_route=%2Fwp%2Fv2%2Fcomments&post=475"}],"version-history":[{"count":3,"href":"https:\/\/www.degaarner.de\/index.php?rest_route=\/wp\/v2\/pages\/475\/revisions"}],"predecessor-version":[{"id":478,"href":"https:\/\/www.degaarner.de\/index.php?rest_route=\/wp\/v2\/pages\/475\/revisions\/478"}],"wp:attachment":[{"href":"https:\/\/www.degaarner.de\/index.php?rest_route=%2Fwp%2Fv2%2Fmedia&parent=475"}],"curies":[{"name":"wp","href":"https:\/\/api.w.org\/{rel}","templated":true}]}}