{"id":457,"date":"2020-11-22T18:46:45","date_gmt":"2020-11-22T17:46:45","guid":{"rendered":"https:\/\/www.degaarner.de\/?page_id=457"},"modified":"2025-02-10T21:48:54","modified_gmt":"2025-02-10T20:48:54","slug":"beet-und-rabattenpflege","status":"publish","type":"page","link":"https:\/\/www.degaarner.de\/?page_id=457","title":{"rendered":"Beet und Rabattenpflege"},"content":{"rendered":"\n<p>Die <strong>Fachgerechte Beet- und Rabattenpflege: Ein Leitfaden f\u00fcr Gartenliebhaber<\/strong><\/p>\n\n\n\n<p>Die Pflege von Beeten und Rabatten ist ein essenzieller Bestandteil der Gartenarbeit, der nicht nur zur Sch\u00f6nheit des Gartens beitr\u00e4gt, sondern auch die Gesundheit der Pflanzen f\u00f6rdert. Eine fachgerechte Pflege erfordert sowohl theoretisches Wissen als auch praktische Erfahrung. In diesem kleinen Leitfaden werde ich ihnen die wichtigsten Aspekte der Beet- und Rabatten Pflege erl\u00e4utern, um eine nachhaltige und effektive Gartenpflege zu gew\u00e4hrleisten.<\/p>\n\n\n\n<p>Stellen wir uns vor sie wollen ein neues Beet gestalten und entwickeln!<\/p>\n\n\n\n<p>Zun\u00e4chst ist die richtige Planung der Beete von entscheidender Bedeutung. Bei der Auswahl der Pflanzen sollten Faktoren wie Lichtverh\u00e4ltnisse, Bodenbeschaffenheit und die jeweiligen Wachstumsbedingungen wie PH Wert, Wasserbedarf etc. ber\u00fccksichtigt werden. Eine harmonische Pflanzenzusammenstellung, die verschiedene H\u00f6hen, Farben und Bl\u00fchzeiten umfasst, sorgt nicht nur f\u00fcr \u00e4sthetische Vielfalt, sondern f\u00f6rdert auch die Biodiversit\u00e4t im Garten. Zudem ist es ratsam, Stauden und einj\u00e4hrige Pflanzen so zu kombinieren, dass das Beet \u00fcber die gesamte Vegetationsperiode hinweg attraktiv bleibt.<\/p>\n\n\n\n<p>Ein weiterer zentraler Aspekt der Beetpflege ist die Bodenbearbeitung und das regelm\u00e4\u00dfige Entfernen von Wildkr\u00e4utern. Eine regelm\u00e4\u00dfige Lockerung des Bodens verbessert die Durchl\u00fcftung und Wasseraufnahmef\u00e4higkeit, was wiederum das Wurzelwachstum der Pflanzen beg\u00fcnstigt. Das entfernen von ungew\u00fcnschten Beikr\u00e4utern verringert die N\u00e4hrstoffkonkurrenz. Die Anwendung von organischem Material, wie Kompost oder Mulch, tr\u00e4gt dazu bei, die Bodenfruchtbarkeit zu erh\u00f6hen und den N\u00e4hrstoffgehalt langfristig zu sichern. Dar\u00fcber hinaus hilft Mulch, die Verdunstung zu reduzieren und Unkrautwuchs einzud\u00e4mmen, was den Pflegeaufwand erheblich verringert.<\/p>\n\n\n\n<p>Die Bew\u00e4sserung stellt einen weiteren wichtigen Punkt dar. Je nach Pflanzenart und Wetterbedingungen bedarf es einer individuellen Anpassung der Bew\u00e4sserungsstrategien. Tropfbew\u00e4sserungssysteme oder Regenwassertanks k\u00f6nnen hier nachhaltig eingesetzt werden, um Ressourcen zu schonen und die Pflanzen effektiv zu versorgen. Es ist ratsam, die Pflanzen in den fr\u00fchen Morgenstunden oder am sp\u00e4ten Abend zu gie\u00dfen, um Verdunstung zu minimieren und die Wurzeln optimal zu erreichen. In der heutigen Zeit ist es jedoch wichtig Ressourcen sparend zu arbeiten. Sie k\u00f6nnen also auch auf Pflanzen zur\u00fcckgreifen die entweder wenig Wasser ben\u00f6tigen oder sie verbessern die Wasserspeicherung bei sandigeren B\u00f6den.<\/p>\n\n\n\n<p>Neben der regelm\u00e4\u00dfigen Pflege und Bew\u00e4sserung ist auch der Schutz der Pflanzen vor Sch\u00e4dlingen und Krankheiten von gro\u00dfer Bedeutung. Eine integrierte Sch\u00e4dlingsbek\u00e4mpfung, die nat\u00fcrliche Feinde der Sch\u00e4dlinge f\u00f6rdert und chemische Mittel sparsam einsetzt, ist hier empfehlenswert. Durch die Beachtung von Mischkulturen und einem Insekten und Vogelfreundlichen Garten, der N\u00fctzlingen ein Zuhause bietet kann zudem die Anf\u00e4lligkeit f\u00fcr Krankheiten und Fressfeinde verringert werden.<\/p>\n\n\n\n<p>Ein gut gepflegter Garten ist nicht nur ein Ort der Erholung, sondern auch ein Lebensraum, der zur Erhaltung der Natur beitr\u00e4gt. Durch das Wissen um die Bed\u00fcrfnisse der Pflanzen und die Anwendung nachhaltiger Methoden kann jeder Gartenliebhaber einen wertvollen Beitrag zur Artenvielfalt und zur Sch\u00f6nheit seiner Umgebung leisten.<\/p>\n\n\n\n<p><\/p>\n","protected":false},"excerpt":{"rendered":"<div class=\"slide-text-bg2\">\n<h3>Die Fachgerechte Beet- und Rabattenpflege: Ein Leitfaden f\u00fcr Gartenliebhaber Die Pflege von Beeten und Rabatten ist ein essenzieller Bestandteil der<\/h3>\n<\/div>\n<div class=\"flex-btn-div\"><a href=\"https:\/\/www.degaarner.de\/?page_id=457\" class=\"btn1 flex-btn\">Weiterlesen<\/a><\/div>\n","protected":false},"author":1,"featured_media":0,"parent":0,"menu_order":0,"comment_status":"closed","ping_status":"closed","template":"","meta":{"footnotes":""},"class_list":["post-457","page","type-page","status-publish","hentry"],"amp_enabled":true,"_links":{"self":[{"href":"https:\/\/www.degaarner.de\/index.php?rest_route=\/wp\/v2\/pages\/457","targetHints":{"allow":["GET"]}}],"collection":[{"href":"https:\/\/www.degaarner.de\/index.php?rest_route=\/wp\/v2\/pages"}],"about":[{"href":"https:\/\/www.degaarner.de\/index.php?rest_route=\/wp\/v2\/types\/page"}],"author":[{"embeddable":true,"href":"https:\/\/www.degaarner.de\/index.php?rest_route=\/wp\/v2\/users\/1"}],"replies":[{"embeddable":true,"href":"https:\/\/www.degaarner.de\/index.php?rest_route=%2Fwp%2Fv2%2Fcomments&post=457"}],"version-history":[{"count":2,"href":"https:\/\/www.degaarner.de\/index.php?rest_route=\/wp\/v2\/pages\/457\/revisions"}],"predecessor-version":[{"id":576,"href":"https:\/\/www.degaarner.de\/index.php?rest_route=\/wp\/v2\/pages\/457\/revisions\/576"}],"wp:attachment":[{"href":"https:\/\/www.degaarner.de\/index.php?rest_route=%2Fwp%2Fv2%2Fmedia&parent=457"}],"curies":[{"name":"wp","href":"https:\/\/api.w.org\/{rel}","templated":true}]}}