{"id":450,"date":"2020-11-22T18:20:28","date_gmt":"2020-11-22T17:20:28","guid":{"rendered":"https:\/\/www.degaarner.de\/?page_id=450"},"modified":"2020-11-22T18:20:29","modified_gmt":"2020-11-22T17:20:29","slug":"rasenpflege","status":"publish","type":"page","link":"https:\/\/www.degaarner.de\/?page_id=450","title":{"rendered":"Rasenpflege"},"content":{"rendered":"\n<p>Zur Unterhaltungspflege ihres Rasen geh\u00f6ren <strong>M\u00e4hen,D\u00fcngen,W\u00e4ssern,Entfernen von Laub<\/strong> <\/p>\n\n\n\n<p>Je besser sie hier agieren, desto besser w\u00e4chst ihr Rasen.<\/p>\n\n\n\n<p><strong>Wovon h\u00e4ngt die H\u00e4ufigkeit des M\u00e4hens ab?<\/strong><\/p>\n\n\n\n<p>\u2013 Wie oft ihr Rasen gem\u00e4ht wird,h\u00e4ngt davon ab wie die Witterung ist und welchen Rasentyp sie im Garten haben und ob j\u00e4hrlich ged\u00fcngt wird. Am H\u00e4ufigsten ist dies der normale Spiel und Gebrauchsrasen (RSM 2). Im Jahr sind von (M\u00e4rz) April bis Ende November z.b bei Gebrauchsrasen bis zu 20 M\u00e4heinheiten n\u00f6tig. Wann das erste Mal nach Neuanlage gem\u00e4ht werden sollte, sehen sie an der&nbsp; H\u00f6he, sobald ihr Rasen eine H\u00f6he von 6-10&nbsp; cm (beim Gebrauchsrasen) erreicht hat, wird es Zeit f\u00fcr den ersten Schnitt.<\/p>\n\n\n\n<p><strong>Vertikutieren\/Aerifizieren<\/strong><\/p>\n\n\n\n<p>Vertikutieren dient zum Zerschneiden der Rasennarbe um Beikr\u00e4uter, altes, nicht verrottetes Schnittgut und Moos zu entfernen. Bitte beachten Sie, dass es ein Irrglaube ist nur zu vertikutieren um Moos zu entfernen. Moos hat eine Ursache u.\u00a0a. zu wenig Belichtung, Bodenverdichtungen, zu hohe Feuchtigkeit oder zu wenig N\u00e4hrstoffe im Boden. Um das Moos dauerhaft loszuwerden, muss hier erst eine Ursache gefunden werden und diese dann beseitigt werden. Ich m\u00f6chte darauf hinweisen, dass dieser Prozess langwierig ist und der Zeit und Kostenaufwand hoch sein kann. Beste Zeitpunkt ist im M\u00e4rz\/April oder im August\/September.\u00a0 Da der Rasen zu diesem Zweck sehr kurz gem\u00e4ht werden muss, ben\u00f6tigt ihr Rasen ausreichend Regenerationszeit vor der Vegetationsruhe. Diese beginnt wenn wir eine Durchschnittliche Tagesmitteltemperaturen unter 10 Grad erreichen.<\/p>\n\n\n\n<p>Beim Aerifizieren werden Bodenverdichtungen in den Oberen Bodenschichten beseitigt und gleichzeitig Rasenfilz entfernt je nach Einsatz der Werkzeuge an der Maschine. Aerifizieren ist deutlich aufwendiger aber gerade bei sehr lehmigen und feuchten B\u00f6den empfehlenswert. Ausf\u00fchrungszeitraum ist vor einem saisonalen Wachstumsschub Anfang Mai oder Ende August. Weitere Infos gerne auf Anfrage.<\/p>\n\n\n\n<p>Vereinbaren Sie bei Interesse an einer dieser Arbeiten, gern mit mir ein Termin.<\/p>\n","protected":false},"excerpt":{"rendered":"<div class=\"slide-text-bg2\">\n<h3>Zur Unterhaltungspflege ihres Rasen geh\u00f6ren M\u00e4hen,D\u00fcngen,W\u00e4ssern,Entfernen von Laub Je besser sie hier agieren, desto besser w\u00e4chst ihr Rasen. Wovon h\u00e4ngt<\/h3>\n<\/div>\n<div class=\"flex-btn-div\"><a href=\"https:\/\/www.degaarner.de\/?page_id=450\" class=\"btn1 flex-btn\">Weiterlesen<\/a><\/div>\n","protected":false},"author":1,"featured_media":0,"parent":0,"menu_order":0,"comment_status":"closed","ping_status":"closed","template":"","meta":{"footnotes":""},"class_list":["post-450","page","type-page","status-publish","hentry"],"amp_enabled":true,"_links":{"self":[{"href":"https:\/\/www.degaarner.de\/index.php?rest_route=\/wp\/v2\/pages\/450","targetHints":{"allow":["GET"]}}],"collection":[{"href":"https:\/\/www.degaarner.de\/index.php?rest_route=\/wp\/v2\/pages"}],"about":[{"href":"https:\/\/www.degaarner.de\/index.php?rest_route=\/wp\/v2\/types\/page"}],"author":[{"embeddable":true,"href":"https:\/\/www.degaarner.de\/index.php?rest_route=\/wp\/v2\/users\/1"}],"replies":[{"embeddable":true,"href":"https:\/\/www.degaarner.de\/index.php?rest_route=%2Fwp%2Fv2%2Fcomments&post=450"}],"version-history":[{"count":1,"href":"https:\/\/www.degaarner.de\/index.php?rest_route=\/wp\/v2\/pages\/450\/revisions"}],"predecessor-version":[{"id":451,"href":"https:\/\/www.degaarner.de\/index.php?rest_route=\/wp\/v2\/pages\/450\/revisions\/451"}],"wp:attachment":[{"href":"https:\/\/www.degaarner.de\/index.php?rest_route=%2Fwp%2Fv2%2Fmedia&parent=450"}],"curies":[{"name":"wp","href":"https:\/\/api.w.org\/{rel}","templated":true}]}}