{"id":376,"date":"2019-12-15T18:15:00","date_gmt":"2019-12-15T17:15:00","guid":{"rendered":"https:\/\/www.degaarner.de\/?page_id=376"},"modified":"2024-03-01T09:17:05","modified_gmt":"2024-03-01T08:17:05","slug":"leistungsbeschreibungen","status":"publish","type":"page","link":"https:\/\/www.degaarner.de\/?page_id=376","title":{"rendered":"Leistungsbeschreibungen"},"content":{"rendered":"\n<p>Auf den nachfolgenden Seiten m\u00f6chte ich auf die m\u00f6glichen Leistung <a href=\"https:\/\/www.degaarner.de\/wp-admin\/customize.php?url=https%3A%2F%2Fwww.degaarner.de%2F\">Rasenpflege<\/a>, <a href=\"https:\/\/www.degaarner.de\/wp-admin\/customize.php?url=https%3A%2F%2Fwww.degaarner.de%2F\">Beet,- und Rabattenpflege<\/a>, <a href=\"https:\/\/www.degaarner.de\/wp-admin\/customize.php?url=https%3A%2F%2Fwww.degaarner.de%2F\">Pflanzung<\/a> und die <a href=\"https:\/\/www.degaarner.de\/wp-admin\/customize.php?url=https%3A%2F%2Fwww.degaarner.de%2F\">Geh\u00f6lzpflege <\/a>etwas n\u00e4her eingehen und bei einigen ihnen die besten Zeitr\u00e4ume f\u00fcr diese Arbeiten nennen. Die Einhaltung dieser Zeitr\u00e4ume ist wichtig um eine maximale Qualit\u00e4t zu gew\u00e4hrleisten und die bestm\u00f6glichen Ergebnisse zu erzielen, des Weiteren ist die Einhaltung dieser, z.\u00a0B. bei st\u00e4rkeren Schnittma\u00dfnahmen sehr wichtig, abh\u00e4ngig u.\u00a0a. von der Gattung der Geh\u00f6lze oder ihrem Nutzen. Hier ist das Naturschutzgesetz (\u00a7\u00a039 BNatSchG) zu beachten. F\u00fcr mich ist es wichtig, ihnen mit diesen Information vorab verst\u00e4ndlich zu machen, wovon evtl. Leistungen in ihrem Garten abh\u00e4ngig sind und warum die Zeitr\u00e4ume wichtig sind. Dies dient lediglich dazu, dass sie sich auf dieser Seite informieren k\u00f6nnen und sich erste Eindr\u00fccke f\u00fcr evtl. Auftr\u00e4ge verschaffen. Ich stehe ihnen nat\u00fcrlich dennoch auch jeder Zeit gern pers\u00f6nlich\/telefonisch zur Verf\u00fcgung und berate sie bei Fragen gern.<\/p>\n","protected":false},"excerpt":{"rendered":"<div class=\"slide-text-bg2\">\n<h3>Auf den nachfolgenden Seiten m\u00f6chte ich auf die m\u00f6glichen Leistung Rasenpflege, Beet,- und Rabattenpflege, Pflanzung und die Geh\u00f6lzpflege etwas n\u00e4her<\/h3>\n<\/div>\n<div class=\"flex-btn-div\"><a href=\"https:\/\/www.degaarner.de\/?page_id=376\" class=\"btn1 flex-btn\">Weiterlesen<\/a><\/div>\n","protected":false},"author":1,"featured_media":0,"parent":0,"menu_order":0,"comment_status":"closed","ping_status":"closed","template":"","meta":{"footnotes":""},"class_list":["post-376","page","type-page","status-publish","hentry"],"amp_enabled":true,"_links":{"self":[{"href":"https:\/\/www.degaarner.de\/index.php?rest_route=\/wp\/v2\/pages\/376","targetHints":{"allow":["GET"]}}],"collection":[{"href":"https:\/\/www.degaarner.de\/index.php?rest_route=\/wp\/v2\/pages"}],"about":[{"href":"https:\/\/www.degaarner.de\/index.php?rest_route=\/wp\/v2\/types\/page"}],"author":[{"embeddable":true,"href":"https:\/\/www.degaarner.de\/index.php?rest_route=\/wp\/v2\/users\/1"}],"replies":[{"embeddable":true,"href":"https:\/\/www.degaarner.de\/index.php?rest_route=%2Fwp%2Fv2%2Fcomments&post=376"}],"version-history":[{"count":7,"href":"https:\/\/www.degaarner.de\/index.php?rest_route=\/wp\/v2\/pages\/376\/revisions"}],"predecessor-version":[{"id":546,"href":"https:\/\/www.degaarner.de\/index.php?rest_route=\/wp\/v2\/pages\/376\/revisions\/546"}],"wp:attachment":[{"href":"https:\/\/www.degaarner.de\/index.php?rest_route=%2Fwp%2Fv2%2Fmedia&parent=376"}],"curies":[{"name":"wp","href":"https:\/\/api.w.org\/{rel}","templated":true}]}}