{"id":373,"date":"2019-12-15T18:13:10","date_gmt":"2019-12-15T17:13:10","guid":{"rendered":"https:\/\/www.degaarner.de\/?page_id=373"},"modified":"2025-02-10T21:34:13","modified_gmt":"2025-02-10T20:34:13","slug":"herzlich-willkommen","status":"publish","type":"page","link":"https:\/\/www.degaarner.de\/?page_id=373","title":{"rendered":"Herzlich Willkommen"},"content":{"rendered":"\n<p>Herzlich Willkommen,<\/p>\n\n\n\n<p><strong>Entdecken Sie die Kunst der Gartenpflege \u2013 f\u00fcr einen gr\u00fcnen Traum, der zum Leben erwacht!<\/strong><\/p>\n\n\n\n<p>Ihr Garten ist mehr als nur ein St\u00fcck Land \u2013 er ist ein R\u00fcckzugsort, ein Ort der Entspannung und des Genusses. Ich k\u00fcmmere mich darum, dass Ihr Garten in voller Pracht . Meine jahrelange Erfahrung und Leidenschaft f\u00fcr die Natur und Gartengestaltung erm\u00f6glichen es, Ihnen eine umfassende Gartenpflege zu bieten, die keine W\u00fcnsche offenl\u00e4sst. Auf Wunsch erhalten sie auch Verbesserungsvorschl\u00e4ge f\u00fcr Stauden und Geh\u00f6lzerg\u00e4nzungen um ihren Garten Insektenfreundlicher zu machen.<\/p>\n\n\n\n<p>Egal, ob es um die regelm\u00e4\u00dfige Rasenpflege, das fachm\u00e4nnische Beschneiden von Str\u00e4uchern und B\u00e4umen oder die fachgerechte Pflege Ihres kompletten Gartens geht \u2013 ich arbeite mit Liebe zum Detail und einem geschulten Blick f\u00fcr die individuellen Bed\u00fcrfnisse Ihres Gartens. Ich gehe gezielt auf Ihre W\u00fcnsche ein und sorge daf\u00fcr, dass Ihr Garten das ganze Jahr \u00fcber in voller Bl\u00fcte steht.<\/p>\n\n\n\n<p>Vertrauen Sie auf meine Expertise und genie\u00dfen Sie die Vorteile einer professionellen Gartenpflege: mehr Zeit f\u00fcr die sch\u00f6nen Dinge im Leben und einen Garten, der nicht nur ein Blickfang, sondern auch Ihr pers\u00f6nlicher R\u00fcckzugsort wird.<\/p>\n\n\n\n<p><strong>Kontaktieren Sie mich noch heute<\/strong>\u00a0und lassen Sie sich von unseren ma\u00dfgeschneiderten L\u00f6sungen \u00fcberzeugen. Ihr Traumgarten wartet darauf, von uns zum Leben erweckt zu werden!<\/p>\n\n\n\n<p>Ihr Landschaftsg\u00e4rtner mit Leidenschaft f\u00fcrs Gr\u00fcne<\/p>\n","protected":false},"excerpt":{"rendered":"<div class=\"slide-text-bg2\">\n<h3>Herzlich Willkommen, Entdecken Sie die Kunst der Gartenpflege \u2013 f\u00fcr einen gr\u00fcnen Traum, der zum Leben erwacht! Ihr Garten ist<\/h3>\n<\/div>\n<div class=\"flex-btn-div\"><a href=\"https:\/\/www.degaarner.de\/?page_id=373\" class=\"btn1 flex-btn\">Weiterlesen<\/a><\/div>\n","protected":false},"author":1,"featured_media":0,"parent":0,"menu_order":0,"comment_status":"closed","ping_status":"closed","template":"","meta":{"footnotes":""},"class_list":["post-373","page","type-page","status-publish","hentry"],"amp_enabled":true,"_links":{"self":[{"href":"https:\/\/www.degaarner.de\/index.php?rest_route=\/wp\/v2\/pages\/373","targetHints":{"allow":["GET"]}}],"collection":[{"href":"https:\/\/www.degaarner.de\/index.php?rest_route=\/wp\/v2\/pages"}],"about":[{"href":"https:\/\/www.degaarner.de\/index.php?rest_route=\/wp\/v2\/types\/page"}],"author":[{"embeddable":true,"href":"https:\/\/www.degaarner.de\/index.php?rest_route=\/wp\/v2\/users\/1"}],"replies":[{"embeddable":true,"href":"https:\/\/www.degaarner.de\/index.php?rest_route=%2Fwp%2Fv2%2Fcomments&post=373"}],"version-history":[{"count":2,"href":"https:\/\/www.degaarner.de\/index.php?rest_route=\/wp\/v2\/pages\/373\/revisions"}],"predecessor-version":[{"id":572,"href":"https:\/\/www.degaarner.de\/index.php?rest_route=\/wp\/v2\/pages\/373\/revisions\/572"}],"wp:attachment":[{"href":"https:\/\/www.degaarner.de\/index.php?rest_route=%2Fwp%2Fv2%2Fmedia&parent=373"}],"curies":[{"name":"wp","href":"https:\/\/api.w.org\/{rel}","templated":true}]}}