{"id":17,"date":"2018-03-07T21:21:13","date_gmt":"2018-03-07T20:21:13","guid":{"rendered":"http:\/\/www.degaarner.de\/?page_id=17"},"modified":"2025-02-10T21:37:26","modified_gmt":"2025-02-10T20:37:26","slug":"geschaeftsbedingungen","status":"publish","type":"page","link":"https:\/\/www.degaarner.de\/?page_id=17","title":{"rendered":"AGB &#038; Widerruf"},"content":{"rendered":"\n<p><strong>Allgemeine Gesch\u00e4ftsbedingungen von der Firma DeGaarner Garten und Landschaftsbau<\/strong><\/p>\n\n\n\n<p>Die hier aufgef\u00fchrten AGB\u00b4s regeln das Gesch\u00e4ftsgebaren zwischen Ihnen als Kunden und meiner Person als Leistungstr\u00e4ger\/Auftragnehmer. Sie tragen ma\u00dfgeblich dazu bei, dass ein geregelter Umgang zwischen Ihnen als Auftraggeber und meiner Person als Auftragnehmer gegeben ist. Dar\u00fcber hinaus sch\u00fctzen diese Vereinbarungen Sie als Kunden und mich als Auftragnehmer.<\/p>\n\n\n\n<p><strong>\u00a7 1 Geltungsbereich<\/strong><\/p>\n\n\n\n<p>1.1 Die nachfolgenden Gesch\u00e4ftsbedingungen gelten f\u00fcr die Gesch\u00e4ftsbeziehung von DeGaarner Garten und Landschaftsbau und sind Bestandteil aller Liefer-, Werks- und<br>Dienstleistungsvertr\u00e4ge, sowie vertraglichen Vereinbarungen und Angebote. Sie gelten sp\u00e4testens durch Auftragserteilung oder Annahme der Lieferung als anerkannt. Lieferungen, Leistungen und Angebote der Firma DeGaarner Garten und Landschaftsbau an Gewerbliche und nicht Gewerbliche Kunden erfolgen ausschlie\u00dflich aufgrund dieser Allgemeinen Gesch\u00e4ftsbedingungen. Die damit f\u00fcr s\u00e4mtliche gegenw\u00e4rtige und zuk\u00fcnftigen Gesch\u00e4ftsbeziehungen der Firma DeGaarner Garten<br>und Landschaftsbau im Gesch\u00e4ftsverkehr gegen\u00fcber Kaufleuten, juristischen Personen des \u00f6ffentlichen Rechts oder \u00f6ffentlich rechtlichen Sonderverm\u00f6gen auch dann gelten, wenn sie nicht<br>nochmals ausdr\u00fccklich vereinbart werden.<\/p>\n\n\n\n<p>1.2 Der Geltung etwaiger Allgemeiner Gesch\u00e4ftsbedingungen \/ Vertragsbedingungen des Kunden \/ Verbrauchers oder Leistungsnehmers wird hiermit widersprochen; sie werden insbesondere auch dann nicht anerkannt, wenn die Firma DeGaarner Garten und Landschaftsbau ihnen im Einzelfall nach \u00dcbermittlung oder Kenntnisnahme nicht nochmals ausdr\u00fccklich widerspricht. Vorsorglich wird auch etwaigen sonstigen Verweisungen des Kunden innerhalb der Gesch\u00e4ftsbeziehungen widersprochen, es sei denn ihrer Geltung wird ausdr\u00fccklich durch die Firma DeGaarner Garten und Landschaftsbau schriftlich zugestimmt.<\/p>\n\n\n\n<p><strong>\u00a7 2 Vertragsabschluss<\/strong><\/p>\n\n\n\n<p>2.1 Abgegebene Angebote sind wenn nicht anders vereinbart vier Wochen g\u00fcltig, ausgenommen sind Materialpreise, Rohstoffe wie Naturproduckte und Pflanzen die extremen Schwankungen unterliegen, auf deren Entwicklung wir keinen Einfluss aus\u00fcben k\u00f6nnen.<\/p>\n\n\n\n<p>2.2 Mit der Bestellung von Waren und\/ oder Bau und\/ oder Dienstleistungen erkl\u00e4rt der Kunde\/ Auftraggeber verbindlich diese in Anspruch nehmen zu wollen. Wir sind berechtigt, das in der Bestellung liegende Vertragsangebot innerhalb von zwei Wochen nach Eingang bei uns anzunehmen. Die Annahme kann entweder schriftlich oder durch Beginn der Dienstleistungen erkl\u00e4rt werden.<\/p>\n\n\n\n<p>2.3 Bestellt der Verbraucher die Ware und \/ oder Dienstleistungen auf elektronischem Wege, werden wir den Zugang der Auftragsbest\u00e4tigung zeitnah best\u00e4tigen. Die Zugangsbest\u00e4tigung stellt noch keine<br>verbindliche Annahme der Bestellung dar, kann aber mit der Annahmeerkl\u00e4rung verbunden sein.<\/p>\n\n\n\n<p>2.4 Der Vertragsabschluss erfolgt unter dem Vorbehalt der richtigen und rechtzeitigen Selbstbelieferung durch unsere Zulieferer. Im Falle von Verz\u00f6gerungen bzw. Nichtverf\u00fcgbarkeit informieren wir den Kunden umgehend.<\/p>\n\n\n\n<p><strong>\u00a7 3 Leistungs- und Lieferfristen<\/strong><\/p>\n\n\n\n<p>3.1 Leistungs- und Lieferfristen\/-termine gelten im Zweifel als ann\u00e4hernd und unverbindlich, sofern nicht individuell vertraglich etwas anderes vereinbart worden ist; sie stehen insbesondere unter dem Vorbehalt der rechtzeitigen, ordnungsgem\u00e4\u00dfen und ausreichenden Belieferung der Firma DeGaarner Garten und Landschaftsbau durch etwaige Zulieferanten.<\/p>\n\n\n\n<p>3.2 Ist individuell vertraglich eine bestimmte Leistungs- oder Lieferungsfrist bzw. ein bestimmter Leistungs- oder Liefertermin vereinbart, so sind Schadenersatzanspr\u00fcche wegen versp\u00e4teter Lieferung und\/oder Leistung ausgeschlossen, sofern die Versp\u00e4tung nicht auf Vorsatz oder<br>grobe Fahrl\u00e4ssigkeit seitens der Firma DeGaarner Garten und Landschaftsbau zur\u00fcckzuf\u00fchren ist.<\/p>\n\n\n\n<p>3.3 Ger\u00e4t die Firma DeGaarner Garten und Landschaftsbau mit &nbsp;einer Leistung oder Lieferung in Verzug, so ist der Kunde berechtigt eine angemessene Nachfrist zu setzten, nach deren ergebnislosen Ablauf er vom Vertrag zur\u00fccktreten kann. Ein etwaiger Verzugsschaden des Kunden beschr\u00e4nkt sich auf h\u00f6chstens 5 % der vereinbarten netto Verg\u00fctung, sofern die Firma De Gaarner als Auftragnehmer den Verzug nur leicht fahrl\u00e4ssig verursacht habe.<\/p>\n\n\n\n<p>3.4 H\u00f6here Gewalt bei der Firma De Gaarner als Auftragnehmer oder Lieferanten, eintretende Betriebsst\u00f6rungen, die eine fristgem\u00e4\u00dfe Leistung oder Lieferung verhindert, ver\u00e4ndert etwaige individualvertraglich vereinbarte Termine und Fristen um die Dauer der durch diese Umst\u00e4nde bedingten Leistungsst\u00f6rungen. Wird durch die genannten Umst\u00e4nde die Lieferung bzw. Ausf\u00fchrung unm\u00f6glich, so werden wir von der Ausf\u00fchrungs- bzw. Lieferpflicht frei. In diesen F\u00e4llen kann der Kunde Schadensersatz nicht geltend machen.<\/p>\n\n\n\n<p>3.5 Die Ausf\u00fchrung der Arbeiten und der Leistungen richtet sich nach dem zu Grunde liegenden Vertrag oder Angebot und erfolgt nach den anerkannten Regeln des Garten und Landschaftsbau und der gegenw\u00e4rtigen Technik unter Einhaltung der Material und Produktfreigaben.<\/p>\n\n\n\n<p>3.6 Die Fertigstellung der Leistung wird dem Auftraggeber schriftlich angezeigt z.b durch die Endabrechnung. W\u00fcnscht der Auftraggeber eine Abnahmebesichtigung, so hat der diese innerhalb von 10 Werktagen gemeinsam mit dem Auftragsnehmer durchzuf\u00fchren. Wird keine Abnahme verlangt, so gilt die Leistung als abgenommen mit Ablauf von 10 Werktagen nach der schriftlichen Meldung \u00fcber die Fertigstellung der Leistung. Hat der Auftraggeber die Leistung oder<br>einen Teil der Leistung in Benutzung genommen, so gilt die Abnahme als erfolgt, wenn nichts anderes vereinbart ist.<\/p>\n\n\n\n<p>3.7 Vorbehalte wegen bekannter M\u00e4ngel hat der Auftraggeber sofort bei deren Bekanntwerden (insbesondere bei Teilen der Leistung, die durch die weitere Ausf\u00fchrung der Leistung der Pr\u00fcfung entzogen werden), sonst sp\u00e4testens jedoch bei der Abnahme schriftlich geltend zu machen. Mit der Abnahme geht die Gefahr auf den Auftraggeber \u00fcber, sofern dieser sie nicht schon vorher nach VOB \u00a7 7 tr\u00e4gt.<\/p>\n\n\n\n<p><strong>\u00a7 4 Preise, Zahlungs- und Eigentumsbedingungen<\/strong><\/p>\n\n\n\n<p>4.1 Der Kunde verpflichtet sich nach Erhalt der Waren und\/ oder Dienstleistungen binnen einer Frist von 7 Tagen ab Rechnungsdatum die Rechnungssumme ohne Abzug zu zahlen. Nach Ablauf dieser Frist kommt der Kunde in Zahlungsvollzug, Firma DeGaarner ist nach billigem Ermessen dann berechtigt, die bank\u00fcblichen Zinsen, mindestens jedoch einen Verzugsschaden in H\u00f6he von 5 % p. A. zu berechnen. N\u00e4heres wie Skonto etc. wird auf der Rechnung geregelt und ist nur rechtens, wenn es<\/p>\n\n\n\n<p>aufgef\u00fchrt wird.<\/p>\n\n\n\n<p>4.2 DeGaarner Garten und Landschaftsbau beh\u00e4lt sich das Recht vor, Abschlagszahlungen nach Baufortschritten zu verlangen, diese sind ab Rechnungserhalt sofort ohne Abzug zu zahlen. Nach Ablauf dieser Frist kommt der Kunde in Zahlungsvollzug und DeGaarner Garten und Landschaftsbau<br>beh\u00e4lt sich das Recht vor, alle Leistungen ruhen zu lassen bis diese Abschlagszahlung \/ Teilzahlung beglichen werden. Nach Setzung einer angemessenen Nachfrist und bei unt\u00e4tig bleiben des Kunden sind wir berechtigt, mit juristischer Hilfe vom Vertrag zur\u00fcckzutreten und Schadensersatz zu verlangen.<\/p>\n\n\n\n<p>4.3 Die Firma De Gaarner Garten und Landschaftsbau beh\u00e4lt sich das Recht vor, mit potentiellen Auftraggebern und Neukunden, Vorzahlungen zu vereinbaren bzw. auszuhandeln. Der Kunde bekommt die geleistete Vorzahlung selbstverst\u00e4ndlich bei Abrechnung der vertraglich vereinbarten Arbeiten gut geschrieben.<\/p>\n\n\n\n<p>4.4 An- und Abfahrten werden wie folgt berechnet. Als Ausgangspunkt zur Bemessung der Fahrtkosten gilt immer der Sitz der Firma DeGaarner Garten und Landschaftsbau. Die Kosten richten sich nach der Fahrzeit f\u00fcr An und Abfahrt zum Arbeitsort vom Betriebshof in Kesdorf.<\/p>\n\n\n\n<p>Des Weiteren werden zus\u00e4tzliche An- und Abfahrtskosten erhoben, sollten zur Erbringung der vereinbarten Leistung Leihger\u00e4te oder Leihanh\u00e4nger ben\u00f6tigt werden. Diese richten sich nach der Fahrzeit und einer gesch\u00e4tzten Aufenthaltsdauer von 15-30 Minuten f\u00fcr Sichtpr\u00fcfung\/Einweisung der Ger\u00e4te\/Maschinen und Transportmittel, bzw. den Vertragsabschluss mit dem Vermieter der Leihger\u00e4te. Welche auf ihrer Rechnung auch zus\u00e4tzlich aufgef\u00fchrt werden.<\/p>\n\n\n\n<p>Die Abrechnung der Fahrzeiten f\u00fcr An und Abfahrt erfolgt nach dem Stundenlohnsatz.<\/p>\n\n\n\n<p>Bei Entfernungen \u00fcber 40 km f\u00fcr eine Wegstrecke, erhebe ich zus\u00e4tzlich zur Fahrzeit eine Km Pauschale von 0,28 Cent pro gefahrenen KM<\/p>\n\n\n\n<p>4.5 R\u00fcstzeiten bzw. Das Be\/Entladen des Fahrzeugs und Anh\u00e4ngers am Firmensitz oder bei Entsorgungsbetrieben ist Arbeitszeit und wird nach dem Stundenlohnsatz ebenfalls abgerechnet und flie\u00dft zus\u00e4tzlich in die Arbeitszeiten auf der Rechnung ein, auch hier dr\u00fcber wird der Kunde vor Vertragsabschluss m\u00fcndlich hingewiesen.<\/p>\n\n\n\n<p>4.6 Die Abfuhr des Gr\u00fcnschnitts wird pro m3 mit 30 Euro berechnet. Die Hin\/R\u00fcckfahrt zur Deponie und das Entladen&nbsp;kann zus\u00e4tzlich nach Aufwand abgerechnet werden und wird in den Stundenlohnarbeiten mit aufgef\u00fchrt. Bei Kleinstmengen erfolgt die Abfuhr gesammelt mit anderen Abr\u00e4umen zu einem sp\u00e4teren Zeitpunkt, dies wiederum bedeutet f\u00fcr den Kunden keine Mehrkosten bez\u00fcglich der Fahrzeit.<\/p>\n\n\n\n<p>4.7 Preis\u00e4nderungen jeglicher Art werden Bestandskunden vor Neuauftr\u00e4gen rechtzeitig schriftlich per E Mail mitgeteilt.<\/p>\n\n\n\n<p>4.8 Planung und Beratung erfordern Zeit, daher behalte ich mir je nach Gr\u00f6\u00dfe und Umfang das Recht vor ihnen diese Zeit zum Stundenlohn in Rechnung zu stellen. Ausgearbeitete Pflanzpl\u00e4ne bleiben bis zur Bezahlung mein Geistiges Eigentum.<\/p>\n\n\n\n<p><strong>\u00a7 5 Gew\u00e4hrleistung<\/strong><\/p>\n\n\n\n<p>5.1 DeGaarner Garten und Landschaftsbau \u00fcbernimmt die Gew\u00e4hr, dass seine Leistung zur Zeit der Abnahme ordnungsgem\u00e4\u00df ausgef\u00fchrt ist, den anerkannten Regeln der Technik entspricht und nicht mit Fehlern behaftet ist, die den Wert oder die Tauglichkeit zu dem gew\u00f6hnlichen oder dem nach dem Vertrag vorausgesetzten Gebrauch aufheben oder mindern.<\/p>\n\n\n\n<p>5.2 F\u00fcr Baustoffe, Bauteile, Pflanzen und Saatgut die vom Auftraggeber geliefert werden, wird von Firma DeGaarner Garten und Landschaftsbau keine Gew\u00e4hrleistung \u00fcbernommen. Dies gilt auch f\u00fcr<br>Setzungssch\u00e4den, die aus Erdarbeiten anderer Auftragsnehmer herr\u00fchren. Auf erkennbare M\u00e4ngel wird der Auftraggeber Vor oder w\u00e4hrend der Arbeiten schriftlich und m\u00fcndlich hingewiesen.<\/p>\n\n\n\n<p>5.3 Eine Garantie f\u00fcr das Anwachsen von Pflanzen kann nur mit der gesonderten Beauftragung einer Fertigstellungspflege \u00fcber ein bzw. zwei Jahre \u00fcbernommen werden. Eine im Rahmen der<br>Fertigstellungspflege gegebene Garantie setzt die richtige Behandlung der Pflanzen durch den Kunden au\u00dferhalb meiner Pflegeleistung voraus (keine zus\u00e4tzliche D\u00fcngung, W\u00e4ssern nach Absprache etc.). F\u00e4lle h\u00f6herer Gewalt wie Sturm, Frost , D\u00fcrre, Sch\u00e4dlingsbefall etc.<br>sind von der Garantie ausgenommen, obgleich ich versuche solche Ereignisse zu beobachten um diesen gegebenenfalls entgegenwirken zu k\u00f6nnen. Im Regelfall ersetzen wir einzelne Ausf\u00e4lle von<br>Pflanzen aus Kulanzgr\u00fcnden, vorausgesetzt es sind keine fahrl\u00e4ssigen Sch\u00e4digungen durch den Kunden erkennbar.<\/p>\n\n\n\n<p>5.4 Geliefert wird die Ware in der Ausf\u00fchrung und Beschaffenheit, die zum Lieferzeitpunkt \u00fcblich ist. Die Haftung f\u00fcr die Brauchbarkeit der Ware zu einem bestimmten Verwendungszweck ist ausgeschlossen. Eine Sachm\u00e4ngelhaftung ist des Weiteren ausgeschlossen, wenn die gelieferte Ware lediglich zu einem bei derartigen Produkten handels\u00fcblichen Prozentsatz mangelhaft ist. Die vorerw\u00e4hnten Gew\u00e4hrleistungsbestimmungen gelten entsprechend f\u00fcr durch DeGaarner Garten und Landschaftsbau erbrachte Werk- oder Dienstleistungen.<\/p>\n\n\n\n<p>5.5 F\u00fcr die von uns durchgef\u00fchrten Bauleistungen geben wir eine Gew\u00e4hrleistung von bis zu f\u00fcnf Jahren.<\/p>\n\n\n\n<p>5.6 Trifft ein Garantiefall ein, behalten wir uns zun\u00e4chst das Recht auf Nachbesserung vor. Sollte diese zum wiederholten Male misslingen steht dem Kunden ein Recht zur Herabsetzung der Verg\u00fctung zu. Vom zur\u00fccktreten kann der Kunde nur im Falle von grob fahrl\u00e4ssigen und<br>schwerwiegenden M\u00e4ngeln, die unter keinen Umst\u00e4nden durch Nachbesserungsarbeiten zu beseitigen sind oder im Rahmen von mehreren Nachbesserungsversuchen nicht beseitigt wurden.<\/p>\n\n\n\n<p>5.7 W\u00e4hlt der Kunde wegen eines Rechts- oder Sachmangels nach mehrmaliger gescheiterter Nacherf\u00fcllung den R\u00fccktritt vom Vertrag, steht ihm daneben kein Schadensersatzanspruch wegen des Mangels zu. W\u00e4hlt der Kunde nach mehrmaliger gescheiterter Nacherf\u00fcllung Schadensersatz, verbleibt die Ware beim Kunden, wenn ihm dies zumutbar ist. Der Schadensersatz beschr\u00e4nkt sich auf die Differenz zwischen Kaufpreis und Wert der mangelhaften Sache. Ohne ausdr\u00fcckliche individualvertragliche Vereinbarung, wird keine Garantie f\u00fcr eine bestimmte Beschaffenheit und\/oder Haltbarkeit von mir gelieferter Ware i. S. d. \u00a7 443 BGG. Im \u00dcbrigen haftet DeGaarner Garten und Landschaftsbau f\u00fcr durch Sie zu vertretende Sach- und Rechtsm\u00e4ngel ihrer Leistungen und Lieferungen wie folgt:<\/p>\n\n\n\n<p>5.8 DeGaarner Garten und Landschaftsbau haftet f\u00fcr durch sie zu vertretende M\u00e4ngel nach ihrer Wahl, entweder auf Nachbesserung (Mangelbeseitigung) oder auf R\u00fcckgabe der Ware gegen<br>Ersatzlieferung oder Gutschrift des zur\u00fcckgegebenen Waren-wertes. Anspr\u00fcche auf Minderung oder Ersatz eines unmittelbaren oder mittelbaren Schadens, sind im gesetzlich zul\u00e4ssigen Umfang<br>ausgeschlossen. Eine etwaige gesetzliche Haftung f\u00fcr aus zu vertretenen Sachm\u00e4ngeln folgenden Personensch\u00e4den (Verletzungen von Leben, K\u00f6rper oder Gesundheit) oder auf Grund vors\u00e4tzlichen oder fahrl\u00e4ssigen Verhaltens, bleibt unber\u00fchrt.<\/p>\n\n\n\n<p>5.9 M\u00e4ngelanspr\u00fcche bestehen nicht bei nur unerheblichen Abweichungen von der vereinbarten Beschaffenheit oder bei unerheblicher Beeintr\u00e4chtigung der Brauchbarkeit der gelieferten Ware bzw. der erbrachten Dienstleistung.<\/p>\n\n\n\n<p>5.10 Der Kunde hat die empfangende Ware oder angenommene Leistung unverz\u00fcglich nach Anlieferung\/Leistungserbringung auf etwaige Sachm\u00e4ngel hin zu untersuchen und seine Beanstandung unverz\u00fcglich gegen\u00fcber DeGaarner Garten und Landschaftsbau schriftlich zu r\u00fcgen. Nach Ablauf von 7 Tagen, seit dem Leistungs,-\/&nbsp;Lieferungsdatum gilt die Ware oder Leistung als genehmigt, soweit&nbsp;etwaige M\u00e4ngel, Abweichungen vom Leistung \/Lieferungsumfang odersonstige Beanstandungen der Ware\/Leistung im Rahmen einer&nbsp;stichprobenartig durchgef\u00fchrten \u00dcberpr\u00fcfung h\u00e4tten festgestellt&nbsp;werden k\u00f6nnen. Bei s\u00e4mtlichen mangelbedingten R\u00fccklieferungen tr\u00e4gt der Kunde die Gefahr der zuf\u00e4lligen Verschlechterung und des zuf\u00e4lligen Untergangs der Ware bis zu deren Eingang bei Firma DeGaarner Garten und Landschaftsbau<\/p>\n\n\n\n<p>5.11 Erfolgt die M\u00e4ngelr\u00fcge im Ergebnis grundlos, ist Firma DeGaarner Garten und Landschaftsbau berechtigt, die ihr aus Anlass der Beanstandung entstandenen Aufwendungen vom Kunden ersetzt zu verlangen.<\/p>\n\n\n\n<p>5.12 R\u00fcckgriffsanspr\u00fcche des Kunden gegen Firma DeGaarner Garten und Landschaftsbau<br>aus \u00a7 478 BGB (Unternehmerr\u00fcckgriff) besteht nur insoweit, als der Kunde mit seinem Arbeitnehmer keine \u00fcber die gesetzlichen Gew\u00e4hrleistungsanspr\u00fcche hinausgehende&nbsp;Vereinbarung getroffen hat und der Kunde ein Verbraucher ist.<\/p>\n\n\n\n<p><strong>\u00a7 6 Pflichten des Kunden<\/strong><\/p>\n\n\n\n<p>6.1&nbsp; Der Kunde hat vor Beginn der Arbeiten seine Informationspflicht \u00fcber verlaufende Versorgungsleitungen genau wahrzunehmen, sollte dies nicht geschehen, kann DeGaarner Garten und Landschaftsbau f\u00fcr eventuelle, nicht absichtlich herbeigef\u00fchrte Sch\u00e4den keinerlei Haftung<br>\u00fcbernehmen. F\u00fcr tiefere Erdarbeiten werden Kabelpl\u00e4ne des Versorgers ben\u00f6tigt und entweder vom Auftraggeber zur Verf\u00fcgung gestellt oder durch DeGaarner Garten und Landschaftsbau auf Kosten des Auftraggebers angefordert.<\/p>\n\n\n\n<p>6.2&nbsp; Die zur Ausf\u00fchrung erforderlichen Unterlagen wie&nbsp;Leistungsverzeichnis, Lage und Werkpl\u00e4ne o.\u00e4. werden vom&nbsp; Auftraggeber rechtzeitig unentgeltlich in ausreichender Anzahl zur&nbsp;Verf\u00fcgung gestellt. Leistungen hierzu wie Gutachten, Berechnungen,&nbsp;Zeichnungen, Leistungsbeschreibungen und der gleichen, zu denen&nbsp;der Auftragnehmer beauftragt wird, werden dem Auftraggeber gesondert berechnet, sofern im Vertrag nichts anderes vereinbart ist bzw. nach gewerblicher Verkehrssitte \u00fcblich ist.<\/p>\n\n\n\n<p>6.3&nbsp; Die zur Ausf\u00fchrung der Leistungen erforderlichen Lagerpl\u00e4tze und Anschl\u00fcsse (Baustrom, Bauwasser u.\u00e4.) werden vom Auftraggeber auf der Baustelle unentgeltlich zur Verf\u00fcgung gestellt. Bauwasser und Baustrom kann vom Auftragnehmer in der f\u00fcr die Ausf\u00fchrung der Leistungen erforderlichen Menge unentgeltlich entnommen werden. Sollte dies nicht m\u00f6glich sein so tr\u00e4gt der Kunde die Kosten&nbsp;f\u00fcr die Bereitstellung.<\/p>\n\n\n\n<p><strong>\u00a7 7. Aufrechnungsverbot Ausschluss des Zur\u00fcckbehaltungsrecht<\/strong><\/p>\n\n\n\n<p>7.1&nbsp; Der Kunde ist nicht berechtigt, gegen\u00fcber Forderungen der Firma DeGaarner Garten&nbsp;und Landschaftsbau aufzurechnen oder ein&nbsp;gesetzliches Zur\u00fcckbehaltungsrecht oder in&nbsp;Leistungsverweigerungsrecht auszu\u00fcben, es sei denn, diesen Gegenrechten liegen rechtskr\u00e4ftig festgestellt oder durch Firma Degaarner Garten und Landschaftsbau schriftlich anerkannte Gegenanspr\u00fcche zu Grunde.<\/p>\n\n\n\n<p><strong>\u00a7 8. Erf\u00fcllungsort; anwendbares Recht; Gerichtsstand<\/strong><\/p>\n\n\n\n<p>8.1&nbsp; Gerichtsstand f\u00fcr alle Streitigkeiten aus Vertr\u00e4gen ist der allgemeine Gerichtsstand von DeGaarner Garten und Landschaftsbau (Amtsgericht Eutin bzw. Landgericht L\u00fcbeck). Sind die Vertragsparteien Kaufleute, juristische Personen des \u00f6ffentlichen Rechts oder \u00f6ffentlich-rechtliche<br>Sonderverm\u00f6gen, ist Gerichtsstand f\u00fcr alle Streitigkeiten aus diesem Vertrag der allgemeine Gerichtsstand von Firma DeGaarner Garten und Landschaftsbau (Amtsgericht Eutin<br>bzw. Landgericht L\u00fcbeck.).<\/p>\n\n\n\n<p>8.2&nbsp; Es gilt ausschlie\u00dflich das Recht der Bundesrepublik Deutschland&nbsp;unter Ausschluss des CISG.<\/p>\n\n\n\n<p>8.3&nbsp; Im Streitfall ist DeGaarner Garten und Landschaftsbau berechtigt den Streitfall an ein Unabh\u00e4ngigen Schiedsmann zu leiten. Der Schiedsmann wird in diesem Fall vom Kunden und von DeGaarner Garten und Landschaftsbau zusammen ausgew\u00e4hlt. Die anfallenden Kosten werden zur gleicherma\u00dfen vom Kunden und von DeGaarner Garten Landschaftsbau getragen.<\/p>\n\n\n\n<p><strong>\u00a79 Widerrufsrecht<\/strong><\/p>\n\n\n\n<p><strong>9.1&nbsp;&nbsp; Sie k\u00f6nnen Ihre Vertragserkl\u00e4rung innerhalb von 14 Tagen ohne Angabe von Gr\u00fcnden in Textform (z. B. Brief, Fax, E-Mail) widerrufen. Die Frist beginnt nach Erhalt dieser Belehrung in Textform. Zur Wahrung der Widerrufsfrist gen\u00fcgt die rechtzeitige Absendung des Widerrufs oder der Sache. Der Widerruf ist zu richten an:<\/strong><\/p>\n\n\n\n<p><strong>DeGaarner Garten und Landschaftsbau<\/strong><\/p>\n\n\n\n<p><strong>Florian Vollbracht<\/strong><\/p>\n\n\n\n<p><strong>An der Auwisch 14<\/strong><\/p>\n\n\n\n<p><strong>23701 S\u00fcsel<\/strong><\/p>\n\n\n\n<p><strong>info@degaarner.de<\/strong><\/p>\n\n\n\n<p><strong>9.2 Pflanzenlieferungen die pers\u00f6nlich durch die Firma DeGaarner&nbsp; geliefert wurden, sind vom Widerruf nach pers\u00f6nlicher Abnahme ausgeschlossen. Die Pflanzen werden dem Auftraggeber gezeigt und bei Annahme erlischt das Widerrufsrecht.<\/strong><\/p>\n\n\n\n<p><strong>9.3 Widerrufsfolgen<\/strong><\/p>\n\n\n\n<p><strong>Im Falle eines wirksamen Widerrufs sind die beiderseits empfangenen Leistungen zur\u00fcckzugew\u00e4hren und ggf. gezogene Nutzungen (z. B. Zinsen) herauszugeben. K\u00f6nnen Sie uns die empfangene Leistung ganz oder teilweise nicht oder nur in verschlechtertem Zustand zur\u00fcckgew\u00e4hren, m\u00fcssen Sie uns insoweit ggf. Wertersatz leisten. Verpflichtungen zur Erstattung von Zahlungen m\u00fcssen innerhalb von 30 Tagen erf\u00fcllt werden. Die Frist beginnt f\u00fcr Sie mit der Absendung Ihrer Widerrufserkl\u00e4rung oder der Sache, f\u00fcr uns mit deren Empfang.<\/strong><\/p>\n\n\n\n<p><strong>Besondere Hinweise<\/strong><\/p>\n\n\n\n<p><strong>Bei einer Dienstleistung erlischt Ihr Widerrufsrecht vorzeitig, wenn ich mit der Ausf\u00fchrung der Dienstleistung mit Ihrer ausdr\u00fccklichen Zustimmung vor Ende der Widerrufsfrist begonnen habe oder Sie diese selbst veranlasst haben.<\/strong><\/p>\n\n\n\n<p><strong>Ende der Widerrufsbelehrung<\/strong><\/p>\n\n\n\n<p><strong>\u00a7 10. Anpassungsklausel und Schlussbestimmungen<\/strong><\/p>\n\n\n\n<p>10.1 Sofern einzelne Bestimmungen dieser allgemeinen Gesch\u00e4ftsbedingungen oder eine Bestimmung im Rahmen sonstiger Vereinbarungen zwischen DeGaarner Garten und Landschaftsbau und dem Kunden unwirksam sein oder werden sollten, bleibt hiervon die Wirksamkeit dieser allgemeinen Gesch\u00e4ftsverbindungen und des&nbsp;&nbsp;Vertragsverh\u00e4ltnisses im \u00dcbrigen unber\u00fchrt. Die Vertragsparteien&nbsp;verpflichten sich, etwaige unwirksame Vertragsbestimmungen durch&nbsp;solche Vereinbarungen zu ersetzen, deren Inhalt nach ihrem&nbsp;wirtschaftlichen Zweck dem mit der unwirksamen Klausel verfolgten&nbsp;Zweck m\u00f6glichst nahe&nbsp;kommt. Gleiches gilt f\u00fcr eventuelle&nbsp;Regelungsl\u00fccken.<\/p>\n\n\n\n<p><\/p>\n","protected":false},"excerpt":{"rendered":"<div class=\"slide-text-bg2\">\n<h3>Allgemeine Gesch\u00e4ftsbedingungen von der Firma DeGaarner Garten und Landschaftsbau Die hier aufgef\u00fchrten AGB\u00b4s regeln das Gesch\u00e4ftsgebaren zwischen Ihnen als Kunden<\/h3>\n<\/div>\n<div class=\"flex-btn-div\"><a href=\"https:\/\/www.degaarner.de\/?page_id=17\" class=\"btn1 flex-btn\">Weiterlesen<\/a><\/div>\n","protected":false},"author":1,"featured_media":0,"parent":0,"menu_order":0,"comment_status":"closed","ping_status":"closed","template":"","meta":{"footnotes":""},"class_list":["post-17","page","type-page","status-publish","hentry"],"amp_enabled":true,"_links":{"self":[{"href":"https:\/\/www.degaarner.de\/index.php?rest_route=\/wp\/v2\/pages\/17","targetHints":{"allow":["GET"]}}],"collection":[{"href":"https:\/\/www.degaarner.de\/index.php?rest_route=\/wp\/v2\/pages"}],"about":[{"href":"https:\/\/www.degaarner.de\/index.php?rest_route=\/wp\/v2\/types\/page"}],"author":[{"embeddable":true,"href":"https:\/\/www.degaarner.de\/index.php?rest_route=\/wp\/v2\/users\/1"}],"replies":[{"embeddable":true,"href":"https:\/\/www.degaarner.de\/index.php?rest_route=%2Fwp%2Fv2%2Fcomments&post=17"}],"version-history":[{"count":10,"href":"https:\/\/www.degaarner.de\/index.php?rest_route=\/wp\/v2\/pages\/17\/revisions"}],"predecessor-version":[{"id":574,"href":"https:\/\/www.degaarner.de\/index.php?rest_route=\/wp\/v2\/pages\/17\/revisions\/574"}],"wp:attachment":[{"href":"https:\/\/www.degaarner.de\/index.php?rest_route=%2Fwp%2Fv2%2Fmedia&parent=17"}],"curies":[{"name":"wp","href":"https:\/\/api.w.org\/{rel}","templated":true}]}}